{"id":26779,"date":"2023-04-14T18:22:27","date_gmt":"2023-04-14T22:22:27","guid":{"rendered":"https:\/\/lequotidien509.com\/kiyes-nou-ye\/"},"modified":"2026-01-05T10:52:18","modified_gmt":"2026-01-05T15:52:18","slug":"kiyes-nou-ye","status":"publish","type":"page","link":"https:\/\/lequotidien509.com\/ht\/kiyes-nou-ye\/","title":{"rendered":"Kiy\u00e8s nou ye?"},"content":{"rendered":"\t\t<div data-elementor-type=\"wp-page\" data-elementor-id=\"26779\" class=\"elementor elementor-26779 elementor-249\">\n\t\t\t\t\t\t<section class=\"elementor-section elementor-top-section elementor-element elementor-element-19ffb296 elementor-section-content-middle elementor-section-boxed elementor-section-height-default elementor-section-height-default wpr-particle-no wpr-jarallax-no wpr-parallax-no wpr-sticky-section-no wpr-equal-height-no\" data-id=\"19ffb296\" data-element_type=\"section\" data-e-type=\"section\">\n\t\t\t\t\t\t<div class=\"elementor-container elementor-column-gap-no\">\n\t\t\t\t\t<div class=\"elementor-column elementor-col-100 elementor-top-column elementor-element elementor-element-7ce678c6\" data-id=\"7ce678c6\" data-element_type=\"column\" data-e-type=\"column\">\n\t\t\t<div class=\"elementor-widget-wrap elementor-element-populated\">\n\t\t\t\t\t\t<div class=\"elementor-element elementor-element-2075ea66 elementor-widget elementor-widget-heading\" data-id=\"2075ea66\" data-element_type=\"widget\" data-e-type=\"widget\" data-widget_type=\"heading.default\">\n\t\t\t\t<div class=\"elementor-widget-container\">\n\t\t\t\t\t<h4 class=\"elementor-heading-title elementor-size-default\"><a href=\"https:\/\/lequotidien509.com\/ht\/\">Kiy\u00e8s nou ye?<\/a><\/h4>\t\t\t\t<\/div>\n\t\t\t\t<\/div>\n\t\t\t\t<div class=\"elementor-element elementor-element-559b816f elementor-widget elementor-widget-text-editor\" data-id=\"559b816f\" data-element_type=\"widget\" data-e-type=\"widget\" data-widget_type=\"text-editor.default\">\n\t\t\t\t<div class=\"elementor-widget-container\">\n\t\t\t\t\t\t\t\t\t<p>Le Quotidien 509 se yon ajans lapr\u00e8s sou ent\u00e8n\u00e8t ki te pran nesans nan Repiblik Dominik\u00e8n. Objektif li se bay enf\u00f2masyon ki bon jan kalite epi ki aksesib pou tout moun, espesyalman Ayisyen k ap viv nan Repiblik Dominik\u00e8n ak tout dyaspora a.<\/p><p>Anplis misyon li pou enf\u00f2me an tan rey\u00e8l, li pran angajman pou f\u00f2me sitwayen yo atrav\u00e8 zouti edikatif ak odyovizy\u00e8l. Pandan l ap kenbe endepandans li epi l ap respekte etik metye jounalis la, Le Quotidien 509 kapab pibliye kontni pou diferan tandans ak kouran politik ak sosyal.<\/p>\t\t\t\t\t\t\t\t<\/div>\n\t\t\t\t<\/div>\n\t\t\t\t<section class=\"elementor-section elementor-inner-section elementor-element elementor-element-76db03bf elementor-section-content-middle elementor-section-boxed elementor-section-height-default elementor-section-height-default wpr-particle-no wpr-jarallax-no wpr-parallax-no wpr-sticky-section-no wpr-equal-height-no\" data-id=\"76db03bf\" data-element_type=\"section\" data-e-type=\"section\">\n\t\t\t\t\t\t<div class=\"elementor-container elementor-column-gap-no\">\n\t\t\t\t\t<div class=\"elementor-column elementor-col-100 elementor-inner-column elementor-element elementor-element-44258692\" data-id=\"44258692\" data-element_type=\"column\" data-e-type=\"column\">\n\t\t\t<div class=\"elementor-widget-wrap\">\n\t\t\t\t\t\t\t<\/div>\n\t\t<\/div>\n\t\t\t\t\t<\/div>\n\t\t<\/section>\n\t\t\t\t\t<\/div>\n\t\t<\/div>\n\t\t\t\t\t<\/div>\n\t\t<\/section>\n\t\t\t\t<\/div>\n\t\t","protected":false},"excerpt":{"rendered":"<p>Kiy\u00e8s nou ye? Le Quotidien 509 se yon ajans lapr\u00e8s sou ent\u00e8n\u00e8t ki te pran nesans nan Repiblik Dominik\u00e8n. Objektif li se bay enf\u00f2masyon ki bon jan kalite epi ki aksesib pou tout moun, espesyalman Ayisyen k ap viv nan Repiblik Dominik\u00e8n ak tout dyaspora a. Anplis misyon li pou enf\u00f2me an tan rey\u00e8l, li pran angajman pou f\u00f2me sitwayen yo atrav\u00e8 zouti edikatif ak odyovizy\u00e8l. Pandan l ap kenbe endepandans li epi l ap respekte etik metye jounalis la, Le Quotidien 509 kapab pibliye kontni pou diferan tandans ak kouran politik ak sosyal.<\/p>\n","protected":false},"author":3,"featured_media":0,"parent":0,"menu_order":0,"comment_status":"closed","ping_status":"closed","template":"elementor_header_footer","meta":{"give_campaign_id":0,"_crdt_document":"","jetpack_post_was_ever_published":false,"jnews_page_loop":[],"jnews_single_page":[],"jnews_social_meta":[],"footnotes":""},"class_list":["post-26779","page","type-page","status-publish","hentry"],"aioseo_notices":[],"campaignId":"","_hostinger_reach_plugin_has_subscription_block":false,"_hostinger_reach_plugin_is_elementor":false,"jetpack_sharing_enabled":true,"_links":{"self":[{"href":"https:\/\/lequotidien509.com\/ht\/wp-json\/wp\/v2\/pages\/26779","targetHints":{"allow":["GET"]}}],"collection":[{"href":"https:\/\/lequotidien509.com\/ht\/wp-json\/wp\/v2\/pages"}],"about":[{"href":"https:\/\/lequotidien509.com\/ht\/wp-json\/wp\/v2\/types\/page"}],"author":[{"embeddable":true,"href":"https:\/\/lequotidien509.com\/ht\/wp-json\/wp\/v2\/users\/3"}],"replies":[{"embeddable":true,"href":"https:\/\/lequotidien509.com\/ht\/wp-json\/wp\/v2\/comments?post=26779"}],"version-history":[{"count":1,"href":"https:\/\/lequotidien509.com\/ht\/wp-json\/wp\/v2\/pages\/26779\/revisions"}],"predecessor-version":[{"id":26780,"href":"https:\/\/lequotidien509.com\/ht\/wp-json\/wp\/v2\/pages\/26779\/revisions\/26780"}],"wp:attachment":[{"href":"https:\/\/lequotidien509.com\/ht\/wp-json\/wp\/v2\/media?parent=26779"}],"curies":[{"name":"wp","href":"https:\/\/api.w.org\/{rel}","templated":true}]}}