{"id":26777,"date":"2023-04-14T18:22:27","date_gmt":"2023-04-14T22:22:27","guid":{"rendered":"https:\/\/lequotidien509.com\/quienes-somos\/"},"modified":"2026-01-05T10:50:51","modified_gmt":"2026-01-05T15:50:51","slug":"quienes-somos","status":"publish","type":"page","link":"https:\/\/lequotidien509.com\/es\/quienes-somos\/","title":{"rendered":"Qui\u00e9nes somos"},"content":{"rendered":"\t\t<div data-elementor-type=\"wp-page\" data-elementor-id=\"26777\" class=\"elementor elementor-26777 elementor-249\">\n\t\t\t\t\t\t<section class=\"elementor-section elementor-top-section elementor-element elementor-element-19ffb296 elementor-section-content-middle elementor-section-boxed elementor-section-height-default elementor-section-height-default wpr-particle-no wpr-jarallax-no wpr-parallax-no wpr-sticky-section-no wpr-equal-height-no\" data-id=\"19ffb296\" data-element_type=\"section\" data-e-type=\"section\">\n\t\t\t\t\t\t<div class=\"elementor-container elementor-column-gap-no\">\n\t\t\t\t\t<div class=\"elementor-column elementor-col-100 elementor-top-column elementor-element elementor-element-7ce678c6\" data-id=\"7ce678c6\" data-element_type=\"column\" data-e-type=\"column\">\n\t\t\t<div class=\"elementor-widget-wrap elementor-element-populated\">\n\t\t\t\t\t\t<div class=\"elementor-element elementor-element-2075ea66 elementor-widget elementor-widget-heading\" data-id=\"2075ea66\" data-element_type=\"widget\" data-e-type=\"widget\" data-widget_type=\"heading.default\">\n\t\t\t\t<div class=\"elementor-widget-container\">\n\t\t\t\t\t<h4 class=\"elementor-heading-title elementor-size-default\"><a href=\"https:\/\/lequotidien509.com\/es\/\">\u00bfQui\u00e9nes somos?<\/a><\/h4>\t\t\t\t<\/div>\n\t\t\t\t<\/div>\n\t\t\t\t<div class=\"elementor-element elementor-element-559b816f elementor-widget elementor-widget-text-editor\" data-id=\"559b816f\" data-element_type=\"widget\" data-e-type=\"widget\" data-widget_type=\"text-editor.default\">\n\t\t\t\t<div class=\"elementor-widget-container\">\n\t\t\t\t\t\t\t\t\t<p>Le Quotidien 509 es una agencia de prensa en l\u00ednea que naci\u00f3 en la Rep\u00fablica Dominicana. Su objetivo es ofrecer informaci\u00f3n de calidad y accesible para todos, especialmente para los haitianos que viven en la Rep\u00fablica Dominicana y para toda su di\u00e1spora. <\/p><p>Adem\u00e1s de su misi\u00f3n de informar en tiempo real, asume el compromiso de formar a la ciudadan\u00eda mediante herramientas educativas y audiovisuales. Manteniendo su independencia y respetando la \u00e9tica period\u00edstica, Le Quotidien 509 podr\u00e1 publicar contenidos que reflejen distintas tendencias y corrientes pol\u00edticas y sociales. <\/p>\t\t\t\t\t\t\t\t<\/div>\n\t\t\t\t<\/div>\n\t\t\t\t<section class=\"elementor-section elementor-inner-section elementor-element elementor-element-76db03bf elementor-section-content-middle elementor-section-boxed elementor-section-height-default elementor-section-height-default wpr-particle-no wpr-jarallax-no wpr-parallax-no wpr-sticky-section-no wpr-equal-height-no\" data-id=\"76db03bf\" data-element_type=\"section\" data-e-type=\"section\">\n\t\t\t\t\t\t<div class=\"elementor-container elementor-column-gap-no\">\n\t\t\t\t\t<div class=\"elementor-column elementor-col-100 elementor-inner-column elementor-element elementor-element-44258692\" data-id=\"44258692\" data-element_type=\"column\" data-e-type=\"column\">\n\t\t\t<div class=\"elementor-widget-wrap\">\n\t\t\t\t\t\t\t<\/div>\n\t\t<\/div>\n\t\t\t\t\t<\/div>\n\t\t<\/section>\n\t\t\t\t\t<\/div>\n\t\t<\/div>\n\t\t\t\t\t<\/div>\n\t\t<\/section>\n\t\t\t\t<\/div>\n\t\t","protected":false},"excerpt":{"rendered":"<p>\u00bfQui\u00e9nes somos? Le Quotidien 509 es una agencia de prensa en l\u00ednea que naci\u00f3 en la Rep\u00fablica Dominicana. Su objetivo es ofrecer informaci\u00f3n de calidad y accesible para todos, especialmente para los haitianos que viven en la Rep\u00fablica Dominicana y para toda su di\u00e1spora. Adem\u00e1s de su misi\u00f3n de informar en tiempo real, asume el compromiso de formar a la ciudadan\u00eda mediante herramientas educativas y audiovisuales. Manteniendo su independencia y respetando la \u00e9tica period\u00edstica, Le Quotidien 509 podr\u00e1 publicar contenidos que reflejen distintas tendencias y corrientes pol\u00edticas y sociales.<\/p>\n","protected":false},"author":3,"featured_media":0,"parent":0,"menu_order":0,"comment_status":"closed","ping_status":"closed","template":"elementor_header_footer","meta":{"give_campaign_id":0,"_crdt_document":"","jetpack_post_was_ever_published":false,"jnews_page_loop":[],"jnews_single_page":[],"jnews_social_meta":[],"footnotes":""},"class_list":["post-26777","page","type-page","status-publish","hentry"],"aioseo_notices":[],"campaignId":"","_hostinger_reach_plugin_has_subscription_block":false,"_hostinger_reach_plugin_is_elementor":false,"jetpack_sharing_enabled":true,"_links":{"self":[{"href":"https:\/\/lequotidien509.com\/es\/wp-json\/wp\/v2\/pages\/26777","targetHints":{"allow":["GET"]}}],"collection":[{"href":"https:\/\/lequotidien509.com\/es\/wp-json\/wp\/v2\/pages"}],"about":[{"href":"https:\/\/lequotidien509.com\/es\/wp-json\/wp\/v2\/types\/page"}],"author":[{"embeddable":true,"href":"https:\/\/lequotidien509.com\/es\/wp-json\/wp\/v2\/users\/3"}],"replies":[{"embeddable":true,"href":"https:\/\/lequotidien509.com\/es\/wp-json\/wp\/v2\/comments?post=26777"}],"version-history":[{"count":1,"href":"https:\/\/lequotidien509.com\/es\/wp-json\/wp\/v2\/pages\/26777\/revisions"}],"predecessor-version":[{"id":26778,"href":"https:\/\/lequotidien509.com\/es\/wp-json\/wp\/v2\/pages\/26777\/revisions\/26778"}],"wp:attachment":[{"href":"https:\/\/lequotidien509.com\/es\/wp-json\/wp\/v2\/media?parent=26777"}],"curies":[{"name":"wp","href":"https:\/\/api.w.org\/{rel}","templated":true}]}}